{"id":213,"date":"2020-04-15T15:13:45","date_gmt":"2020-04-15T15:13:45","guid":{"rendered":"https:\/\/formosa.lt\/?page_id=213"},"modified":"2021-08-24T11:23:48","modified_gmt":"2021-08-24T11:23:48","slug":"apie-mus","status":"publish","type":"page","link":"https:\/\/formosa.lt\/en\/apie-mus\/","title":{"rendered":"About us"},"content":{"rendered":"<p>[et_pb_section fb_built=&#8221;1&#8243; fullwidth=&#8221;on&#8221; admin_label=&#8221;Header Section&#8221; _builder_version=&#8221;3.22&#8243; background_color=&#8221;#000000&#8243; custom_padding=&#8221;|||&#8221; da_is_popup=&#8221;off&#8221; da_exit_intent=&#8221;off&#8221; da_has_close=&#8221;on&#8221; da_alt_close=&#8221;off&#8221; da_dark_close=&#8221;off&#8221; da_not_modal=&#8221;on&#8221; da_is_singular=&#8221;off&#8221; da_with_loader=&#8221;off&#8221; da_has_shadow=&#8221;on&#8221; da_disable_devices=&#8221;off|off|off&#8221;][et_pb_fullwidth_header title=&#8221;APIE MUS&#8221; text_orientation=&#8221;center&#8221; header_scroll_down=&#8221;on&#8221; scroll_down_icon=&#8221;%%2%%&#8221; scroll_down_icon_color=&#8221;#ffffff&#8221; background_overlay_color=&#8221;rgba(48,48,48,0.66)&#8221; content_max_width_last_edited=&#8221;off|desktop&#8221; admin_label=&#8221;Contents&#8221; _builder_version=&#8221;4.4.3&#8243; title_font=&#8221;Oswald|||on|&#8221; title_text_align=&#8221;center&#8221; title_text_color=&#8221;#ffffff&#8221; title_font_size=&#8221;80px&#8221; title_letter_spacing=&#8221;0.05em&#8221; title_line_height=&#8221;1.5em&#8221; content_text_color=&#8221;#ffffff&#8221; subhead_font=&#8221;Nunito|600|||||||&#8221; subhead_text_color=&#8221;#ffffff&#8221; subhead_font_size=&#8221;20px&#8221; subhead_letter_spacing=&#8221;3px&#8221; subhead_line_height=&#8221;1.9em&#8221; background_enable_color=&#8221;off&#8221; background_image=&#8221;https:\/\/formosa.lt\/wp-content\/uploads\/2020\/04\/apie-mus-1.jpg&#8221; background_position=&#8221;top_center&#8221; custom_button_one=&#8221;on&#8221; button_one_text_size=&#8221;15px&#8221; button_one_text_color=&#8221;#ffffff&#8221; button_one_bg_color=&#8221;#b6cdc8&#8243; button_one_border_width=&#8221;11px&#8221; button_one_border_color=&#8221;#b6cdc8&#8243; button_one_border_radius=&#8221;0px&#8221; button_one_letter_spacing=&#8221;3px&#8221; button_one_font=&#8221;Oswald|||on|&#8221; button_one_use_icon=&#8221;off&#8221; background_layout=&#8221;light&#8221; custom_padding=&#8221;12%||12%||false|&#8221; animation_style=&#8221;fade&#8221; animation_starting_opacity=&#8221;50%&#8221; animation_speed_curve=&#8221;ease-in&#8221; title_font_size_tablet=&#8221;60px&#8221; title_font_size_phone=&#8221;40px&#8221; title_font_size_last_edited=&#8221;on|phone&#8221; button_one_border_color_hover=&#8221;#c99872&#8243; button_one_border_radius_hover=&#8221;0px&#8221; button_one_letter_spacing_hover=&#8221;3px&#8221; button_one_bg_color_hover=&#8221;#c99872&#8243; button_one_text_size__hover_enabled=&#8221;off&#8221; button_two_text_size__hover_enabled=&#8221;off&#8221; button_one_text_color__hover_enabled=&#8221;off&#8221; button_two_text_color__hover_enabled=&#8221;off&#8221; button_one_border_width__hover_enabled=&#8221;off&#8221; button_two_border_width__hover_enabled=&#8221;off&#8221; button_one_border_color__hover_enabled=&#8221;on&#8221; button_one_border_color__hover=&#8221;#cce0da&#8221; button_two_border_color__hover_enabled=&#8221;off&#8221; button_one_border_radius__hover_enabled=&#8221;on&#8221; button_one_border_radius__hover=&#8221;0px&#8221; button_two_border_radius__hover_enabled=&#8221;off&#8221; button_one_letter_spacing__hover_enabled=&#8221;on&#8221; button_one_letter_spacing__hover=&#8221;3px&#8221; button_two_letter_spacing__hover_enabled=&#8221;off&#8221; button_one_bg_color__hover_enabled=&#8221;on|hover&#8221; button_one_bg_color__hover=&#8221;#cce0da&#8221; button_two_bg_color__hover_enabled=&#8221;off&#8221; button_one_bg_enable_color__hover=&#8221;on&#8221;][\/et_pb_fullwidth_header][\/et_pb_section][et_pb_section fb_built=&#8221;1&#8243; admin_label=&#8221;Best Beans&#8221; _builder_version=&#8221;4.4.3&#8243; background_color=&#8221;#edddd1&#8243; background_color_gradient_direction=&#8221;90deg&#8221; custom_padding=&#8221;0px|0px|0px|0px&#8221; da_is_popup=&#8221;off&#8221; da_exit_intent=&#8221;off&#8221; da_has_close=&#8221;on&#8221; da_alt_close=&#8221;off&#8221; da_dark_close=&#8221;off&#8221; da_not_modal=&#8221;on&#8221; da_is_singular=&#8221;off&#8221; da_with_loader=&#8221;off&#8221; da_has_shadow=&#8221;on&#8221; da_disable_devices=&#8221;off|off|off&#8221;][et_pb_row column_structure=&#8221;1_2,1_2&#8243; use_custom_gutter=&#8221;on&#8221; gutter_width=&#8221;1&#8243; make_equal=&#8221;on&#8221; admin_label=&#8221;Best Beans Row&#8221; module_class=&#8221; et_pb_row_fullwidth&#8221; _builder_version=&#8221;4.9.2&#8243; background_enable_color=&#8221;off&#8221; width=&#8221;100%&#8221; width_tablet=&#8221;100%&#8221; width_phone=&#8221;&#8221; width_last_edited=&#8221;on|desktop&#8221; max_width=&#8221;100%&#8221; max_width_tablet=&#8221;100%&#8221; max_width_phone=&#8221;&#8221; max_width_last_edited=&#8221;on|desktop&#8221; custom_margin=&#8221;|||&#8221; custom_padding=&#8221;0px|0px|0px|0px&#8221; make_fullwidth=&#8221;on&#8221;][et_pb_column type=&#8221;1_2&#8243; _builder_version=&#8221;4.4.3&#8243; background_enable_color=&#8221;off&#8221; custom_padding=&#8221;30px|10%|30px|10%|false|false&#8221; custom_padding__hover=&#8221;|||&#8221;][et_pb_text _builder_version=&#8221;4.9.2&#8243; text_text_color=&#8221;#333333&#8243; hover_enabled=&#8221;0&#8243; sticky_enabled=&#8221;0&#8243;]<\/p>\n<p>We are the first bubble tea chain store in Lithuania. We started in 2016 with our first spot in Vilnius, and now we can be found in Vlinius, Kaunas, Klaip\u0117da, \u0160iauliai and in Palanga, \u0160ventoji (during the summer season).<\/p>\n<p>Bubble tea also known as pearl tea or boba tea was developed in Taiwan in the 1980's. All of our products come from Taiwan. Due to Its climate and mountainous terrain, Taiwan is a perfect place for tea production. A tropical climate also provide exotic fruits from which our concentrated juices are made. We are excited to partner with one of the best suppliers of bubble tea ingredients in the world, we are often internship to their factory, learning new trends and each season we bring something new to the customers of ours.<\/p>\n<p class=\"translation-block\"><strong>Our mission<\/strong> is to convey the flavors of Taiwanese bubble tea and help everyone discover their own. Our menu includes over 50 drinks - from teas to smoothies. Each customer can individually choose not only different combinations of toppings, but also set the sweetness and temperature of the tea which they like. Friendly baristas are always there to advice you because the quality of our drinks and customer service is our number one priority.<\/p>\n<p>[\/et_pb_text][\/et_pb_column][et_pb_column type=&#8221;1_2&#8243; _builder_version=&#8221;4.9.2&#8243; background_image=&#8221;https:\/\/formosa.lt\/wp-content\/uploads\/2021\/08\/Rieducia_edited-scaled.jpg&#8221; parallax=&#8221;on&#8221; custom_padding=&#8221;|||&#8221; custom_padding__hover=&#8221;|||&#8221;][et_pb_text _builder_version=&#8221;4.9.2&#8243; background_enable_image=&#8221;off&#8221; custom_padding=&#8221;290px||290px||true|false&#8221;][\/et_pb_text][\/et_pb_column][\/et_pb_row][\/et_pb_section][et_pb_section fb_built=&#8221;1&#8243; _builder_version=&#8221;4.4.3&#8243; background_color=&#8221;#b6cdc8&#8243; da_is_popup=&#8221;off&#8221; da_exit_intent=&#8221;off&#8221; da_has_close=&#8221;on&#8221; da_alt_close=&#8221;off&#8221; da_dark_close=&#8221;off&#8221; da_not_modal=&#8221;on&#8221; da_is_singular=&#8221;off&#8221; da_with_loader=&#8221;off&#8221; da_has_shadow=&#8221;on&#8221; da_disable_devices=&#8221;off|off|off&#8221;][et_pb_row _builder_version=&#8221;4.4.3&#8243;][et_pb_column type=&#8221;4_4&#8243; _builder_version=&#8221;4.4.3&#8243;][et_pb_text _builder_version=&#8221;4.4.3&#8243; header_font=&#8221;|||on|||||&#8221; header_text_align=&#8221;center&#8221; header_font_size=&#8221;40px&#8221; header_letter_spacing=&#8221;2px&#8221; header_line_height=&#8221;1.5em&#8221;]<\/p>\n<h1>Why are we called Formosa?<\/h1>\n<p>[\/et_pb_text][et_pb_text _builder_version=&#8221;4.4.3&#8243;]<\/p>\n<p style=\"text-align: center;\">In 1542, Portuguese sailors on their way to Japan strayed into a previously unmarked island. Astonished by the beauty of the islands and the vastness of the forests, they said, \"Ilha Formosa\", which means \"beautiful island\" in Portuguese. Ever since it was called Formosa, it is now known as Taiwan. Our logo symbolizes the contours of these islands.<\/p>\n<p>[\/et_pb_text][et_pb_image src=&#8221;https:\/\/formosa.lt\/wp-content\/uploads\/2020\/04\/formosa_logo_circle.jpg&#8221; align=&#8221;center&#8221; _builder_version=&#8221;4.4.3&#8243; width=&#8221;200px&#8221; animation_style=&#8221;zoom&#8221; animation_intensity_zoom=&#8221;100%&#8221; border_radii=&#8221;on|116px|116px|116px|116px&#8221; box_shadow_style=&#8221;preset1&#8243; box_shadow_horizontal=&#8221;18px&#8221; box_shadow_vertical=&#8221;19px&#8221; box_shadow_blur=&#8221;10px&#8221;][\/et_pb_image][\/et_pb_column][\/et_pb_row][\/et_pb_section]<\/p>","protected":false},"excerpt":{"rendered":"<p>Esame pirmasis burbulini\u0173 arbat\u0173 tinklas Lietuvoje. 2016 startavome su savo pirmuoju ta\u0161ku, o dabar mus jau gali rasti Vilniuje, Kaune, \u0160iauliuose,\u00a0 Klaip\u0117doje ir vasaros sezonu Palangoje, \u0160ventojoje. Burbulin\u0117 arbata (bubble tea) kitaip \u017einoma kaip perlin\u0117 arbata arba boba buvo sukurta Taivane 1980-siais. Tod\u0117l m\u016bs\u0173 produkcija atkeliauja b\u016btent i\u0161 Taivano. D\u0117l savo klimato ir kalnuotos vietov\u0117s [&hellip;]<\/p>","protected":false},"author":1,"featured_media":0,"parent":0,"menu_order":0,"comment_status":"closed","ping_status":"closed","template":"","meta":{"_et_pb_use_builder":"on","_et_pb_old_content":"","_et_gb_content_width":"","inline_featured_image":false,"footnotes":""},"class_list":["post-213","page","type-page","status-publish","hentry"],"yoast_head":"<!-- This site is optimized with the Yoast SEO plugin v25.1 - https:\/\/yoast.com\/wordpress\/plugins\/seo\/ -->\n<title>Apie Mus - Formosa<\/title>\n<meta name=\"robots\" content=\"index, follow, max-snippet:-1, max-image-preview:large, max-video-preview:-1\" \/>\n<link rel=\"canonical\" href=\"https:\/\/formosa.lt\/en\/apie-mus\/\" \/>\n<meta property=\"og:locale\" content=\"en_US\" \/>\n<meta property=\"og:type\" content=\"article\" \/>\n<meta property=\"og:title\" content=\"Apie Mus - Formosa\" \/>\n<meta property=\"og:url\" content=\"https:\/\/formosa.lt\/en\/apie-mus\/\" \/>\n<meta property=\"og:site_name\" content=\"Formosa\" \/>\n<meta property=\"article:publisher\" content=\"https:\/\/www.facebook.com\/FormosaLT\/\" \/>\n<meta property=\"article:modified_time\" content=\"2021-08-24T11:23:48+00:00\" \/>\n<meta name=\"twitter:card\" content=\"summary_large_image\" \/>\n<meta name=\"twitter:label1\" content=\"Est. reading time\" \/>\n\t<meta name=\"twitter:data1\" content=\"5 minutes\" \/>\n<script type=\"application\/ld+json\" class=\"yoast-schema-graph\">{\"@context\":\"https:\/\/schema.org\",\"@graph\":[{\"@type\":\"WebPage\",\"@id\":\"https:\/\/formosa.lt\/apie-mus\/\",\"url\":\"https:\/\/formosa.lt\/apie-mus\/\",\"name\":\"Apie Mus - Formosa\",\"isPartOf\":{\"@id\":\"https:\/\/formosa.lt\/#website\"},\"datePublished\":\"2020-04-15T15:13:45+00:00\",\"dateModified\":\"2021-08-24T11:23:48+00:00\",\"breadcrumb\":{\"@id\":\"https:\/\/formosa.lt\/apie-mus\/#breadcrumb\"},\"inLanguage\":\"en-US\",\"potentialAction\":[{\"@type\":\"ReadAction\",\"target\":[\"https:\/\/formosa.lt\/apie-mus\/\"]}]},{\"@type\":\"BreadcrumbList\",\"@id\":\"https:\/\/formosa.lt\/apie-mus\/#breadcrumb\",\"itemListElement\":[{\"@type\":\"ListItem\",\"position\":1,\"name\":\"Home\",\"item\":\"https:\/\/formosa.lt\/\"},{\"@type\":\"ListItem\",\"position\":2,\"name\":\"Apie Mus\"}]},{\"@type\":\"WebSite\",\"@id\":\"https:\/\/formosa.lt\/#website\",\"url\":\"https:\/\/formosa.lt\/\",\"name\":\"Formosa\",\"description\":\"Burbulin\u0117 arbata\",\"publisher\":{\"@id\":\"https:\/\/formosa.lt\/#organization\"},\"potentialAction\":[{\"@type\":\"SearchAction\",\"target\":{\"@type\":\"EntryPoint\",\"urlTemplate\":\"https:\/\/formosa.lt\/?s={search_term_string}\"},\"query-input\":{\"@type\":\"PropertyValueSpecification\",\"valueRequired\":true,\"valueName\":\"search_term_string\"}}],\"inLanguage\":\"en-US\"},{\"@type\":\"Organization\",\"@id\":\"https:\/\/formosa.lt\/#organization\",\"name\":\"Formosa\",\"url\":\"https:\/\/formosa.lt\/\",\"logo\":{\"@type\":\"ImageObject\",\"inLanguage\":\"en-US\",\"@id\":\"https:\/\/formosa.lt\/#\/schema\/logo\/image\/\",\"url\":\"https:\/\/formosa.lt\/wp-content\/uploads\/2020\/04\/formosa_logo_icon.png\",\"contentUrl\":\"https:\/\/formosa.lt\/wp-content\/uploads\/2020\/04\/formosa_logo_icon.png\",\"width\":512,\"height\":512,\"caption\":\"Formosa\"},\"image\":{\"@id\":\"https:\/\/formosa.lt\/#\/schema\/logo\/image\/\"},\"sameAs\":[\"https:\/\/www.facebook.com\/FormosaLT\/\",\"https:\/\/www.instagram.com\/formosabubbletea\/\"]}]}<\/script>\n<!-- \/ Yoast SEO plugin. -->","yoast_head_json":{"title":"Apie Mus - Formosa","robots":{"index":"index","follow":"follow","max-snippet":"max-snippet:-1","max-image-preview":"max-image-preview:large","max-video-preview":"max-video-preview:-1"},"canonical":"https:\/\/formosa.lt\/en\/apie-mus\/","og_locale":"en_US","og_type":"article","og_title":"Apie Mus - Formosa","og_url":"https:\/\/formosa.lt\/en\/apie-mus\/","og_site_name":"Formosa","article_publisher":"https:\/\/www.facebook.com\/FormosaLT\/","article_modified_time":"2021-08-24T11:23:48+00:00","twitter_card":"summary_large_image","twitter_misc":{"Est. reading time":"5 minutes"},"schema":{"@context":"https:\/\/schema.org","@graph":[{"@type":"WebPage","@id":"https:\/\/formosa.lt\/apie-mus\/","url":"https:\/\/formosa.lt\/apie-mus\/","name":"Apie Mus - Formosa","isPartOf":{"@id":"https:\/\/formosa.lt\/#website"},"datePublished":"2020-04-15T15:13:45+00:00","dateModified":"2021-08-24T11:23:48+00:00","breadcrumb":{"@id":"https:\/\/formosa.lt\/apie-mus\/#breadcrumb"},"inLanguage":"en-US","potentialAction":[{"@type":"ReadAction","target":["https:\/\/formosa.lt\/apie-mus\/"]}]},{"@type":"BreadcrumbList","@id":"https:\/\/formosa.lt\/apie-mus\/#breadcrumb","itemListElement":[{"@type":"ListItem","position":1,"name":"Home","item":"https:\/\/formosa.lt\/"},{"@type":"ListItem","position":2,"name":"Apie Mus"}]},{"@type":"WebSite","@id":"https:\/\/formosa.lt\/#website","url":"https:\/\/formosa.lt\/","name":"Formosa","description":"Burbulin\u0117 arbata","publisher":{"@id":"https:\/\/formosa.lt\/#organization"},"potentialAction":[{"@type":"SearchAction","target":{"@type":"EntryPoint","urlTemplate":"https:\/\/formosa.lt\/?s={search_term_string}"},"query-input":{"@type":"PropertyValueSpecification","valueRequired":true,"valueName":"search_term_string"}}],"inLanguage":"en-US"},{"@type":"Organization","@id":"https:\/\/formosa.lt\/#organization","name":"Formosa","url":"https:\/\/formosa.lt\/","logo":{"@type":"ImageObject","inLanguage":"en-US","@id":"https:\/\/formosa.lt\/#\/schema\/logo\/image\/","url":"https:\/\/formosa.lt\/wp-content\/uploads\/2020\/04\/formosa_logo_icon.png","contentUrl":"https:\/\/formosa.lt\/wp-content\/uploads\/2020\/04\/formosa_logo_icon.png","width":512,"height":512,"caption":"Formosa"},"image":{"@id":"https:\/\/formosa.lt\/#\/schema\/logo\/image\/"},"sameAs":["https:\/\/www.facebook.com\/FormosaLT\/","https:\/\/www.instagram.com\/formosabubbletea\/"]}]}},"_links":{"self":[{"href":"https:\/\/formosa.lt\/en\/wp-json\/wp\/v2\/pages\/213","targetHints":{"allow":["GET"]}}],"collection":[{"href":"https:\/\/formosa.lt\/en\/wp-json\/wp\/v2\/pages"}],"about":[{"href":"https:\/\/formosa.lt\/en\/wp-json\/wp\/v2\/types\/page"}],"author":[{"embeddable":true,"href":"https:\/\/formosa.lt\/en\/wp-json\/wp\/v2\/users\/1"}],"replies":[{"embeddable":true,"href":"https:\/\/formosa.lt\/en\/wp-json\/wp\/v2\/comments?post=213"}],"version-history":[{"count":25,"href":"https:\/\/formosa.lt\/en\/wp-json\/wp\/v2\/pages\/213\/revisions"}],"predecessor-version":[{"id":2694,"href":"https:\/\/formosa.lt\/en\/wp-json\/wp\/v2\/pages\/213\/revisions\/2694"}],"wp:attachment":[{"href":"https:\/\/formosa.lt\/en\/wp-json\/wp\/v2\/media?parent=213"}],"curies":[{"name":"wp","href":"https:\/\/api.w.org\/{rel}","templated":true}]}}