{"id":3448,"date":"2024-05-04T09:59:37","date_gmt":"2024-05-04T09:59:37","guid":{"rendered":"https:\/\/formosa.lt\/?page_id=3448"},"modified":"2025-05-20T17:01:08","modified_gmt":"2025-05-20T14:01:08","slug":"franchise","status":"publish","type":"page","link":"https:\/\/formosa.lt\/en\/franchise\/","title":{"rendered":"Franchise"},"content":{"rendered":"<p>[et_pb_section fb_built=&#8221;1&#8243; fullwidth=&#8221;on&#8221; admin_label=&#8221;Header Section&#8221; _builder_version=&#8221;4.27.4&#8243; background_color=&#8221;#000000&#8243; custom_padding=&#8221;|||&#8221; da_disable_devices=&#8221;off|off|off&#8221; global_colors_info=&#8221;{}&#8221; da_is_popup=&#8221;off&#8221; da_exit_intent=&#8221;off&#8221; da_has_close=&#8221;on&#8221; da_alt_close=&#8221;off&#8221; da_dark_close=&#8221;off&#8221; da_not_modal=&#8221;on&#8221; da_is_singular=&#8221;off&#8221; da_with_loader=&#8221;off&#8221; da_has_shadow=&#8221;on&#8221;][et_pb_fullwidth_header title=&#8221;Fran\u0161iz\u0117&#8221; text_orientation=&#8221;center&#8221; header_scroll_down=&#8221;on&#8221; scroll_down_icon=&#8221;%%2%%&#8221; scroll_down_icon_color=&#8221;#ffffff&#8221; background_overlay_color=&#8221;rgba(48,48,48,0.66)&#8221; content_max_width_last_edited=&#8221;off|desktop&#8221; admin_label=&#8221;Contents&#8221; _builder_version=&#8221;4.27.4&#8243; title_font=&#8221;Oswald|||on|&#8221; title_text_align=&#8221;center&#8221; title_text_color=&#8221;#ffffff&#8221; title_font_size=&#8221;80px&#8221; title_letter_spacing=&#8221;0.05em&#8221; title_line_height=&#8221;1.5em&#8221; content_text_color=&#8221;#ffffff&#8221; subhead_font=&#8221;Nunito|600|||||||&#8221; subhead_text_color=&#8221;#ffffff&#8221; subhead_font_size=&#8221;20px&#8221; subhead_letter_spacing=&#8221;3px&#8221; subhead_line_height=&#8221;1.9em&#8221; background_enable_color=&#8221;off&#8221; background_image=&#8221;http:\/\/formosa.lt\/wp-content\/uploads\/2022\/02\/saadsasd.jpg&#8221; background_position=&#8221;top_left&#8221; background_horizontal_offset=&#8221;0%&#8221; background_vertical_offset=&#8221;56%&#8221; custom_button_one=&#8221;on&#8221; button_one_text_size=&#8221;15px&#8221; button_one_text_color=&#8221;#ffffff&#8221; button_one_bg_color=&#8221;#b6cdc8&#8243; button_one_border_width=&#8221;11px&#8221; button_one_border_color=&#8221;#b6cdc8&#8243; button_one_border_radius=&#8221;0px&#8221; button_one_letter_spacing=&#8221;3px&#8221; button_one_font=&#8221;Oswald|||on|&#8221; button_one_use_icon=&#8221;off&#8221; background_layout=&#8221;light&#8221; custom_padding=&#8221;12%||12%||false|&#8221; animation_style=&#8221;fade&#8221; animation_starting_opacity=&#8221;50%&#8221; animation_speed_curve=&#8221;ease-in&#8221; title_font_size_tablet=&#8221;60px&#8221; title_font_size_phone=&#8221;40px&#8221; title_font_size_last_edited=&#8221;on|phone&#8221; button_one_border_color_hover=&#8221;#c99872&#8243; button_one_border_radius_hover=&#8221;0px&#8221; button_one_letter_spacing_hover=&#8221;3px&#8221; button_one_bg_color_hover=&#8221;#c99872&#8243; global_colors_info=&#8221;{}&#8221; button_one_text_size__hover_enabled=&#8221;off&#8221; button_two_text_size__hover_enabled=&#8221;off&#8221; button_one_text_color__hover_enabled=&#8221;off&#8221; button_two_text_color__hover_enabled=&#8221;off&#8221; button_one_border_width__hover_enabled=&#8221;off&#8221; button_two_border_width__hover_enabled=&#8221;off&#8221; button_one_border_color__hover_enabled=&#8221;on&#8221; button_one_border_color__hover=&#8221;#cce0da&#8221; button_two_border_color__hover_enabled=&#8221;off&#8221; button_one_border_radius__hover_enabled=&#8221;on&#8221; button_one_border_radius__hover=&#8221;0px&#8221; button_two_border_radius__hover_enabled=&#8221;off&#8221; button_one_letter_spacing__hover_enabled=&#8221;on&#8221; button_one_letter_spacing__hover=&#8221;3px&#8221; button_two_letter_spacing__hover_enabled=&#8221;off&#8221; button_one_bg_color__hover_enabled=&#8221;on|hover&#8221; button_one_bg_color__hover=&#8221;#cce0da&#8221; button_two_bg_color__hover_enabled=&#8221;off&#8221; button_one_bg_enable_color__hover=&#8221;on&#8221;][\/et_pb_fullwidth_header][\/et_pb_section][et_pb_section fb_built=&#8221;1&#8243; _builder_version=&#8221;4.27.4&#8243; _module_preset=&#8221;default&#8221; da_disable_devices=&#8221;off|off|off&#8221; global_colors_info=&#8221;{}&#8221; da_is_popup=&#8221;off&#8221; da_exit_intent=&#8221;off&#8221; da_has_close=&#8221;on&#8221; da_alt_close=&#8221;off&#8221; da_dark_close=&#8221;off&#8221; da_not_modal=&#8221;on&#8221; da_is_singular=&#8221;off&#8221; da_with_loader=&#8221;off&#8221; da_has_shadow=&#8221;on&#8221;][et_pb_row _builder_version=&#8221;4.27.4&#8243; _module_preset=&#8221;default&#8221; global_colors_info=&#8221;{}&#8221;][et_pb_column type=&#8221;4_4&#8243; _builder_version=&#8221;4.27.4&#8243; _module_preset=&#8221;default&#8221; global_colors_info=&#8221;{}&#8221;][et_pb_video src=&#8221;https:\/\/www.youtube.com\/watch?v=EfxxlUECm84&#8243; _builder_version=&#8221;4.27.4&#8243; _module_preset=&#8221;default&#8221; hover_enabled=&#8221;0&#8243; global_colors_info=&#8221;{}&#8221; sticky_enabled=&#8221;0&#8243;][\/et_pb_video][et_pb_text _builder_version=&#8221;4.27.4&#8243; _module_preset=&#8221;default&#8221; hover_enabled=&#8221;0&#8243; global_colors_info=&#8221;{}&#8221; sticky_enabled=&#8221;0&#8243;]<\/p>\n<p>Download franchise information <a href=\"https:\/\/formosa.lt\/wp-content\/uploads\/2024\/08\/formosa_franchise.pdf\" target=\"_blank\" rel=\"noopener\">by clicking here.<\/a><\/p>\n<p>For more information, please contact: <a class=\"_mizu194a _1ah31bk5 _ra3xnqa1 _128m1bk5 _1cvmnqa1 _4davt94y _4bfu18uv _1hms8stv _ajmmnqa1 _vchhusvi _syaz14q2 _ect41gqc _1a3b18uv _4fpr8stv _5goinqa1 _f8pj14q2 _9oik18uv _1bnxglyw _jf4cnqa1 _30l314q2 _1nrm18uv _c2waglyw _1iohnqa1 _9h8h16c2 _1053w7te _1ienw7te _n0fxw7te _1vhvg3x0\" title=\"mailto:franchise@formosa.lt\" href=\"mailto:franchise@formosa.lt\" data-renderer-mark=\"true\">franchise@formosa.lt<\/a> or +37060938332<\/p>\n<p>[\/et_pb_text][\/et_pb_column][\/et_pb_row][\/et_pb_section]<\/p>","protected":false},"excerpt":{"rendered":"<p>Atsisi\u0173skite fran\u0161iz\u0117s informacij\u0105 paspaudus \u010dia. D\u0117l daugiau informacijos kreipkit\u0117s: franchise@formosa.lt arba +37060938332<\/p>","protected":false},"author":1,"featured_media":0,"parent":0,"menu_order":0,"comment_status":"closed","ping_status":"closed","template":"","meta":{"_et_pb_use_builder":"on","_et_pb_old_content":"","_et_gb_content_width":"","inline_featured_image":false,"footnotes":""},"class_list":["post-3448","page","type-page","status-publish","hentry"],"yoast_head":"<!-- This site is optimized with the Yoast SEO plugin v25.1 - https:\/\/yoast.com\/wordpress\/plugins\/seo\/ -->\n<title>Fran\u0161iz\u0117 - Formosa<\/title>\n<meta name=\"description\" content=\"Informacija apie fran\u0161iz\u0119\" \/>\n<meta name=\"robots\" content=\"index, follow, max-snippet:-1, max-image-preview:large, max-video-preview:-1\" \/>\n<link rel=\"canonical\" href=\"https:\/\/formosa.lt\/en\/franchise\/\" \/>\n<meta property=\"og:locale\" content=\"en_US\" \/>\n<meta property=\"og:type\" content=\"article\" \/>\n<meta property=\"og:title\" content=\"Fran\u0161iz\u0117 - Formosa\" \/>\n<meta property=\"og:description\" content=\"Informacija apie fran\u0161iz\u0119\" \/>\n<meta property=\"og:url\" content=\"https:\/\/formosa.lt\/en\/franchise\/\" \/>\n<meta property=\"og:site_name\" content=\"Formosa\" \/>\n<meta property=\"article:publisher\" content=\"https:\/\/www.facebook.com\/FormosaLT\/\" \/>\n<meta property=\"article:modified_time\" content=\"2025-05-20T14:01:08+00:00\" \/>\n<meta name=\"twitter:card\" content=\"summary_large_image\" \/>\n<meta name=\"twitter:label1\" content=\"Est. reading time\" \/>\n\t<meta name=\"twitter:data1\" content=\"1 minute\" \/>\n<script type=\"application\/ld+json\" class=\"yoast-schema-graph\">{\"@context\":\"https:\/\/schema.org\",\"@graph\":[{\"@type\":\"WebPage\",\"@id\":\"https:\/\/formosa.lt\/franchise\/\",\"url\":\"https:\/\/formosa.lt\/franchise\/\",\"name\":\"Fran\u0161iz\u0117 - Formosa\",\"isPartOf\":{\"@id\":\"https:\/\/formosa.lt\/#website\"},\"datePublished\":\"2024-05-04T09:59:37+00:00\",\"dateModified\":\"2025-05-20T14:01:08+00:00\",\"description\":\"Informacija apie fran\u0161iz\u0119\",\"breadcrumb\":{\"@id\":\"https:\/\/formosa.lt\/franchise\/#breadcrumb\"},\"inLanguage\":\"en-US\",\"potentialAction\":[{\"@type\":\"ReadAction\",\"target\":[\"https:\/\/formosa.lt\/franchise\/\"]}]},{\"@type\":\"BreadcrumbList\",\"@id\":\"https:\/\/formosa.lt\/franchise\/#breadcrumb\",\"itemListElement\":[{\"@type\":\"ListItem\",\"position\":1,\"name\":\"Home\",\"item\":\"https:\/\/formosa.lt\/\"},{\"@type\":\"ListItem\",\"position\":2,\"name\":\"Fran\u0161iz\u0117\"}]},{\"@type\":\"WebSite\",\"@id\":\"https:\/\/formosa.lt\/#website\",\"url\":\"https:\/\/formosa.lt\/\",\"name\":\"Formosa\",\"description\":\"Burbulin\u0117 arbata\",\"publisher\":{\"@id\":\"https:\/\/formosa.lt\/#organization\"},\"potentialAction\":[{\"@type\":\"SearchAction\",\"target\":{\"@type\":\"EntryPoint\",\"urlTemplate\":\"https:\/\/formosa.lt\/?s={search_term_string}\"},\"query-input\":{\"@type\":\"PropertyValueSpecification\",\"valueRequired\":true,\"valueName\":\"search_term_string\"}}],\"inLanguage\":\"en-US\"},{\"@type\":\"Organization\",\"@id\":\"https:\/\/formosa.lt\/#organization\",\"name\":\"Formosa\",\"url\":\"https:\/\/formosa.lt\/\",\"logo\":{\"@type\":\"ImageObject\",\"inLanguage\":\"en-US\",\"@id\":\"https:\/\/formosa.lt\/#\/schema\/logo\/image\/\",\"url\":\"https:\/\/formosa.lt\/wp-content\/uploads\/2020\/04\/formosa_logo_icon.png\",\"contentUrl\":\"https:\/\/formosa.lt\/wp-content\/uploads\/2020\/04\/formosa_logo_icon.png\",\"width\":512,\"height\":512,\"caption\":\"Formosa\"},\"image\":{\"@id\":\"https:\/\/formosa.lt\/#\/schema\/logo\/image\/\"},\"sameAs\":[\"https:\/\/www.facebook.com\/FormosaLT\/\",\"https:\/\/www.instagram.com\/formosabubbletea\/\"]}]}<\/script>\n<!-- \/ Yoast SEO plugin. -->","yoast_head_json":{"title":"Fran\u0161iz\u0117 - Formosa","description":"Informacija apie fran\u0161iz\u0119","robots":{"index":"index","follow":"follow","max-snippet":"max-snippet:-1","max-image-preview":"max-image-preview:large","max-video-preview":"max-video-preview:-1"},"canonical":"https:\/\/formosa.lt\/en\/franchise\/","og_locale":"en_US","og_type":"article","og_title":"Fran\u0161iz\u0117 - Formosa","og_description":"Informacija apie fran\u0161iz\u0119","og_url":"https:\/\/formosa.lt\/en\/franchise\/","og_site_name":"Formosa","article_publisher":"https:\/\/www.facebook.com\/FormosaLT\/","article_modified_time":"2025-05-20T14:01:08+00:00","twitter_card":"summary_large_image","twitter_misc":{"Est. reading time":"1 minute"},"schema":{"@context":"https:\/\/schema.org","@graph":[{"@type":"WebPage","@id":"https:\/\/formosa.lt\/franchise\/","url":"https:\/\/formosa.lt\/franchise\/","name":"Fran\u0161iz\u0117 - Formosa","isPartOf":{"@id":"https:\/\/formosa.lt\/#website"},"datePublished":"2024-05-04T09:59:37+00:00","dateModified":"2025-05-20T14:01:08+00:00","description":"Informacija apie fran\u0161iz\u0119","breadcrumb":{"@id":"https:\/\/formosa.lt\/franchise\/#breadcrumb"},"inLanguage":"en-US","potentialAction":[{"@type":"ReadAction","target":["https:\/\/formosa.lt\/franchise\/"]}]},{"@type":"BreadcrumbList","@id":"https:\/\/formosa.lt\/franchise\/#breadcrumb","itemListElement":[{"@type":"ListItem","position":1,"name":"Home","item":"https:\/\/formosa.lt\/"},{"@type":"ListItem","position":2,"name":"Fran\u0161iz\u0117"}]},{"@type":"WebSite","@id":"https:\/\/formosa.lt\/#website","url":"https:\/\/formosa.lt\/","name":"Formosa","description":"Burbulin\u0117 arbata","publisher":{"@id":"https:\/\/formosa.lt\/#organization"},"potentialAction":[{"@type":"SearchAction","target":{"@type":"EntryPoint","urlTemplate":"https:\/\/formosa.lt\/?s={search_term_string}"},"query-input":{"@type":"PropertyValueSpecification","valueRequired":true,"valueName":"search_term_string"}}],"inLanguage":"en-US"},{"@type":"Organization","@id":"https:\/\/formosa.lt\/#organization","name":"Formosa","url":"https:\/\/formosa.lt\/","logo":{"@type":"ImageObject","inLanguage":"en-US","@id":"https:\/\/formosa.lt\/#\/schema\/logo\/image\/","url":"https:\/\/formosa.lt\/wp-content\/uploads\/2020\/04\/formosa_logo_icon.png","contentUrl":"https:\/\/formosa.lt\/wp-content\/uploads\/2020\/04\/formosa_logo_icon.png","width":512,"height":512,"caption":"Formosa"},"image":{"@id":"https:\/\/formosa.lt\/#\/schema\/logo\/image\/"},"sameAs":["https:\/\/www.facebook.com\/FormosaLT\/","https:\/\/www.instagram.com\/formosabubbletea\/"]}]}},"_links":{"self":[{"href":"https:\/\/formosa.lt\/en\/wp-json\/wp\/v2\/pages\/3448","targetHints":{"allow":["GET"]}}],"collection":[{"href":"https:\/\/formosa.lt\/en\/wp-json\/wp\/v2\/pages"}],"about":[{"href":"https:\/\/formosa.lt\/en\/wp-json\/wp\/v2\/types\/page"}],"author":[{"embeddable":true,"href":"https:\/\/formosa.lt\/en\/wp-json\/wp\/v2\/users\/1"}],"replies":[{"embeddable":true,"href":"https:\/\/formosa.lt\/en\/wp-json\/wp\/v2\/comments?post=3448"}],"version-history":[{"count":16,"href":"https:\/\/formosa.lt\/en\/wp-json\/wp\/v2\/pages\/3448\/revisions"}],"predecessor-version":[{"id":4261,"href":"https:\/\/formosa.lt\/en\/wp-json\/wp\/v2\/pages\/3448\/revisions\/4261"}],"wp:attachment":[{"href":"https:\/\/formosa.lt\/en\/wp-json\/wp\/v2\/media?parent=3448"}],"curies":[{"name":"wp","href":"https:\/\/api.w.org\/{rel}","templated":true}]}}